{"id":6,"date":"2021-11-11T20:37:20","date_gmt":"2021-11-11T19:37:20","guid":{"rendered":"http:\/\/julieherbreteau.com\/?page_id=6"},"modified":"2025-09-05T15:56:40","modified_gmt":"2025-09-05T13:56:40","slug":"accueil","status":"publish","type":"page","link":"https:\/\/julieherbreteau.com\/","title":{"rendered":"Accueil"},"content":{"rendered":"\t\t<div data-elementor-type=\"wp-page\" data-elementor-id=\"6\" class=\"elementor elementor-6\" data-elementor-settings=\"[]\">\n\t\t\t\t\t\t\t<div class=\"elementor-section-wrap\">\n\t\t\t\t\t\t\t<section class=\"elementor-section elementor-top-section elementor-element elementor-element-a999dcb elementor-section-full_width elementor-section-height-full elementor-section-content-middle elementor-hidden-mobile elementor-section-height-default elementor-section-items-middle\" data-id=\"a999dcb\" data-element_type=\"section\" data-settings=\"{&quot;background_background&quot;:&quot;classic&quot;}\">\n\t\t\t\t\t\t\t<div class=\"elementor-background-overlay\"><\/div>\n\t\t\t\t\t\t\t<div class=\"elementor-container elementor-column-gap-default\">\n\t\t\t\t\t<div class=\"elementor-column elementor-col-100 elementor-top-column elementor-element elementor-element-377f848\" data-id=\"377f848\" data-element_type=\"column\">\n\t\t\t<div class=\"elementor-widget-wrap elementor-element-populated\">\n\t\t\t\t\t\t\t\t<div class=\"elementor-element elementor-element-43912ca elementor-widget elementor-widget-heading\" data-id=\"43912ca\" data-element_type=\"widget\" data-widget_type=\"heading.default\">\n\t\t\t\t<div class=\"elementor-widget-container\">\n\t\t\t<h1 class=\"elementor-heading-title elementor-size-default\">Portfolio<\/h1>\t\t<\/div>\n\t\t\t\t<\/div>\n\t\t\t\t\t<\/div>\n\t\t<\/div>\n\t\t\t\t\t\t\t<\/div>\n\t\t<\/section>\n\t\t\t\t<section class=\"elementor-section elementor-top-section elementor-element elementor-element-fffe17b elementor-section-full_width elementor-section-content-middle elementor-hidden-desktop elementor-section-height-default elementor-section-height-default\" data-id=\"fffe17b\" data-element_type=\"section\">\n\t\t\t\t\t\t<div class=\"elementor-container elementor-column-gap-default\">\n\t\t\t\t\t<div class=\"elementor-column elementor-col-100 elementor-top-column elementor-element elementor-element-038ba39\" data-id=\"038ba39\" data-element_type=\"column\">\n\t\t\t<div class=\"elementor-widget-wrap elementor-element-populated\">\n\t\t\t\t\t\t\t\t<div class=\"elementor-element elementor-element-3d73558 elementor-widget elementor-widget-image\" data-id=\"3d73558\" data-element_type=\"widget\" data-settings=\"{&quot;_animation&quot;:&quot;none&quot;}\" data-widget_type=\"image.default\">\n\t\t\t\t<div class=\"elementor-widget-container\">\n\t\t\t\t\t\t\t\t\t\t\t\t\t\t\t<img decoding=\"async\" loading=\"lazy\" width=\"1366\" height=\"563\" src=\"https:\/\/julieherbreteau.com\/wp-content\/uploads\/2023\/10\/visuelacc-e1697564890787.jpg\" class=\"attachment-full size-full\" alt=\"\" srcset=\"https:\/\/julieherbreteau.com\/wp-content\/uploads\/2023\/10\/visuelacc-e1697564890787.jpg 1366w, https:\/\/julieherbreteau.com\/wp-content\/uploads\/2023\/10\/visuelacc-e1697564890787-300x124.jpg 300w, https:\/\/julieherbreteau.com\/wp-content\/uploads\/2023\/10\/visuelacc-e1697564890787-1024x422.jpg 1024w, https:\/\/julieherbreteau.com\/wp-content\/uploads\/2023\/10\/visuelacc-e1697564890787-768x317.jpg 768w, https:\/\/julieherbreteau.com\/wp-content\/uploads\/2023\/10\/visuelacc-e1697564890787-1200x495.jpg 1200w\" sizes=\"(max-width: 1366px) 100vw, 1366px\" \/>\t\t\t\t\t\t\t\t\t\t\t\t\t\t\t<\/div>\n\t\t\t\t<\/div>\n\t\t\t\t\t<\/div>\n\t\t<\/div>\n\t\t\t\t\t\t\t<\/div>\n\t\t<\/section>\n\t\t\t\t<section class=\"elementor-section elementor-top-section elementor-element elementor-element-f35d280 elementor-section-full_width elementor-section-content-middle elementor-section-height-default elementor-section-height-default\" data-id=\"f35d280\" data-element_type=\"section\" data-settings=\"{&quot;background_background&quot;:&quot;classic&quot;}\">\n\t\t\t\t\t\t<div class=\"elementor-container elementor-column-gap-default\">\n\t\t\t\t\t<div class=\"elementor-column elementor-col-100 elementor-top-column elementor-element elementor-element-73c812b\" data-id=\"73c812b\" data-element_type=\"column\">\n\t\t\t<div class=\"elementor-widget-wrap elementor-element-populated\">\n\t\t\t\t\t\t\t\t<div class=\"elementor-element elementor-element-e6918ed elementor-widget elementor-widget-heading\" data-id=\"e6918ed\" data-element_type=\"widget\" data-widget_type=\"heading.default\">\n\t\t\t\t<div class=\"elementor-widget-container\">\n\t\t\t<h2 class=\"elementor-heading-title elementor-size-xl\">Bonjour !<br\/>\n<\/h2>\t\t<\/div>\n\t\t\t\t<\/div>\n\t\t\t\t<div class=\"elementor-element elementor-element-173ed2b elementor-widget elementor-widget-heading\" data-id=\"173ed2b\" data-element_type=\"widget\" data-widget_type=\"heading.default\">\n\t\t\t\t<div class=\"elementor-widget-container\">\n\t\t\t<h2 class=\"elementor-heading-title elementor-size-xl\">\nBienvenue sur mon portfolio.<br\/> Je suis Julie Herbreteau,\u00a0 Charg\u00e9e de communication & Graphiste.\n<br\/> D\u00e9couvrez mes r\u00e9alisations !<\/h2>\t\t<\/div>\n\t\t\t\t<\/div>\n\t\t\t\t<div class=\"elementor-element elementor-element-dce821d elementor-widget elementor-widget-text-editor\" data-id=\"dce821d\" data-element_type=\"widget\" data-widget_type=\"text-editor.default\">\n\t\t\t\t<div class=\"elementor-widget-container\">\n\t\t\t\t\t\t\t<p>Vous y trouverez notamment des travaux de web design, la cr\u00e9ation de logos, la cr\u00e9ation de visuels, la r\u00e9alisation d\u2019illustrations vectorielles, \u2026.\u00a0<\/p>\t\t\t\t\t\t<\/div>\n\t\t\t\t<\/div>\n\t\t\t\t\t<\/div>\n\t\t<\/div>\n\t\t\t\t\t\t\t<\/div>\n\t\t<\/section>\n\t\t\t\t<section class=\"elementor-section elementor-top-section elementor-element elementor-element-b2a9b75 elementor-section-boxed elementor-section-height-default elementor-section-height-default\" data-id=\"b2a9b75\" data-element_type=\"section\">\n\t\t\t\t\t\t<div class=\"elementor-container elementor-column-gap-default\">\n\t\t\t\t\t<div class=\"elementor-column elementor-col-100 elementor-top-column elementor-element elementor-element-a503c7b\" data-id=\"a503c7b\" data-element_type=\"column\">\n\t\t\t<div class=\"elementor-widget-wrap elementor-element-populated\">\n\t\t\t\t\t\t\t\t<div class=\"elementor-element elementor-element-05ef0b1 elementor-widget-divider--view-line elementor-widget elementor-widget-divider\" data-id=\"05ef0b1\" data-element_type=\"widget\" data-widget_type=\"divider.default\">\n\t\t\t\t<div class=\"elementor-widget-container\">\n\t\t\t\t\t<div class=\"elementor-divider\">\n\t\t\t<span class=\"elementor-divider-separator\">\n\t\t\t\t\t\t<\/span>\n\t\t<\/div>\n\t\t\t\t<\/div>\n\t\t\t\t<\/div>\n\t\t\t\t<div class=\"elementor-element elementor-element-35dde99 elementor-widget elementor-widget-heading\" data-id=\"35dde99\" data-element_type=\"widget\" data-widget_type=\"heading.default\">\n\t\t\t\t<div class=\"elementor-widget-container\">\n\t\t\t<h2 class=\"elementor-heading-title elementor-size-default\">Mes derniers projets\nPRINT & WEB<\/h2>\t\t<\/div>\n\t\t\t\t<\/div>\n\t\t\t\t\t<\/div>\n\t\t<\/div>\n\t\t\t\t\t\t\t<\/div>\n\t\t<\/section>\n\t\t\t\t<section class=\"elementor-section elementor-top-section elementor-element elementor-element-8c6fab8 elementor-section-content-bottom elementor-section-boxed elementor-section-height-default elementor-section-height-default\" data-id=\"8c6fab8\" data-element_type=\"section\">\n\t\t\t\t\t\t<div class=\"elementor-container elementor-column-gap-default\">\n\t\t\t\t\t<div class=\"elementor-column elementor-col-50 elementor-top-column elementor-element elementor-element-db3338f\" data-id=\"db3338f\" data-element_type=\"column\">\n\t\t\t<div class=\"elementor-widget-wrap elementor-element-populated\">\n\t\t\t\t\t\t\t\t<div class=\"elementor-element elementor-element-135063f elementor-widget elementor-widget-image\" data-id=\"135063f\" data-element_type=\"widget\" data-widget_type=\"image.default\">\n\t\t\t\t<div class=\"elementor-widget-container\">\n\t\t\t\t\t\t\t\t\t\t\t\t<figure class=\"wp-caption\">\n\t\t\t\t\t\t\t\t\t\t\t<a href=\"https:\/\/julieherbreteau.com\/index.php\/web\/\" target=\"_blank\">\n\t\t\t\t\t\t\t<img decoding=\"async\" src=\"https:\/\/julieherbreteau.com\/wp-content\/uploads\/elementor\/thumbs\/web-page-acceuil-scaled-pg3tnufp5hg1v6ni2gk6guilykc9xtzcd7kbzjzqq2.jpg\" title=\"web page acceuil\" alt=\"visuel pages internet\" \/>\t\t\t\t\t\t\t\t<\/a>\n\t\t\t\t\t\t\t\t\t\t\t<figcaption class=\"widget-image-caption wp-caption-text\"><\/figcaption>\n\t\t\t\t\t\t\t\t\t\t<\/figure>\n\t\t\t\t\t\t\t\t\t<\/div>\n\t\t\t\t<\/div>\n\t\t\t\t<div class=\"elementor-element elementor-element-5bbbad5 elementor-widget elementor-widget-heading\" data-id=\"5bbbad5\" data-element_type=\"widget\" data-widget_type=\"heading.default\">\n\t\t\t\t<div class=\"elementor-widget-container\">\n\t\t\t<h2 class=\"elementor-heading-title elementor-size-default\"><a href=\"https:\/\/julieherbreteau.com\/index.php\/web\/\" target=\"_blank\">Sites web<\/a><\/h2>\t\t<\/div>\n\t\t\t\t<\/div>\n\t\t\t\t\t<\/div>\n\t\t<\/div>\n\t\t\t\t<div class=\"elementor-column elementor-col-50 elementor-top-column elementor-element elementor-element-354eccc\" data-id=\"354eccc\" data-element_type=\"column\">\n\t\t\t<div class=\"elementor-widget-wrap elementor-element-populated\">\n\t\t\t\t\t\t\t\t<div class=\"elementor-element elementor-element-6961ff7 elementor-widget elementor-widget-image\" data-id=\"6961ff7\" data-element_type=\"widget\" data-widget_type=\"image.default\">\n\t\t\t\t<div class=\"elementor-widget-container\">\n\t\t\t\t\t\t\t\t\t\t\t\t<figure class=\"wp-caption\">\n\t\t\t\t\t\t\t\t\t\t\t<a href=\"https:\/\/julieherbreteau.com\/index.php\/affiches\/\">\n\t\t\t\t\t\t\t<img decoding=\"async\" src=\"https:\/\/julieherbreteau.com\/wp-content\/uploads\/elementor\/thumbs\/affiche-page-acceuil-1-scaled-pg63q1f0ohiizjirnfcuzd7tmjhtrtxd741qqrs2t4.jpg\" title=\"affiche page acceuil\" alt=\"Affiche Nantes\" \/>\t\t\t\t\t\t\t\t<\/a>\n\t\t\t\t\t\t\t\t\t\t\t<figcaption class=\"widget-image-caption wp-caption-text\"><\/figcaption>\n\t\t\t\t\t\t\t\t\t\t<\/figure>\n\t\t\t\t\t\t\t\t\t<\/div>\n\t\t\t\t<\/div>\n\t\t\t\t<div class=\"elementor-element elementor-element-cea3034 elementor-widget elementor-widget-heading\" data-id=\"cea3034\" data-element_type=\"widget\" data-widget_type=\"heading.default\">\n\t\t\t\t<div class=\"elementor-widget-container\">\n\t\t\t<h2 class=\"elementor-heading-title elementor-size-default\"><a href=\"https:\/\/julieherbreteau.com\/index.php\/affiches\/\" target=\"_blank\">Affiches<\/a><\/h2>\t\t<\/div>\n\t\t\t\t<\/div>\n\t\t\t\t\t<\/div>\n\t\t<\/div>\n\t\t\t\t\t\t\t<\/div>\n\t\t<\/section>\n\t\t\t\t<section class=\"elementor-section elementor-top-section elementor-element elementor-element-f249d7e elementor-section-content-bottom elementor-section-boxed elementor-section-height-default elementor-section-height-default\" data-id=\"f249d7e\" data-element_type=\"section\">\n\t\t\t\t\t\t<div class=\"elementor-container elementor-column-gap-default\">\n\t\t\t\t\t<div class=\"elementor-column elementor-col-50 elementor-top-column elementor-element elementor-element-fef51be\" data-id=\"fef51be\" data-element_type=\"column\">\n\t\t\t<div class=\"elementor-widget-wrap elementor-element-populated\">\n\t\t\t\t\t\t\t\t<div class=\"elementor-element elementor-element-e180a7f elementor-widget elementor-widget-image\" data-id=\"e180a7f\" data-element_type=\"widget\" data-widget_type=\"image.default\">\n\t\t\t\t<div class=\"elementor-widget-container\">\n\t\t\t\t\t\t\t\t\t\t\t\t<figure class=\"wp-caption\">\n\t\t\t\t\t\t\t\t\t\t\t<a href=\"https:\/\/julieherbreteau.com\/index.php\/gobelets-ecocup\/\" target=\"_blank\">\n\t\t\t\t\t\t\t<img decoding=\"async\" src=\"https:\/\/julieherbreteau.com\/wp-content\/uploads\/elementor\/thumbs\/biofil-qe0mhrnaiyd6wnzu1fcqpb1tdrbpnc9h7utbdgo4oa.png\" title=\"biofil\" alt=\"biofil\" \/>\t\t\t\t\t\t\t\t<\/a>\n\t\t\t\t\t\t\t\t\t\t\t<figcaption class=\"widget-image-caption wp-caption-text\"><\/figcaption>\n\t\t\t\t\t\t\t\t\t\t<\/figure>\n\t\t\t\t\t\t\t\t\t<\/div>\n\t\t\t\t<\/div>\n\t\t\t\t<div class=\"elementor-element elementor-element-d6fb3cc elementor-widget elementor-widget-heading\" data-id=\"d6fb3cc\" data-element_type=\"widget\" data-widget_type=\"heading.default\">\n\t\t\t\t<div class=\"elementor-widget-container\">\n\t\t\t<h2 class=\"elementor-heading-title elementor-size-default\"><a href=\"https:\/\/julieherbreteau.com\/index.php\/gobelets-ecocup\/\" target=\"_blank\">Couverture et publicit\u00e9s magazines<\/a><\/h2>\t\t<\/div>\n\t\t\t\t<\/div>\n\t\t\t\t\t<\/div>\n\t\t<\/div>\n\t\t\t\t<div class=\"elementor-column elementor-col-50 elementor-top-column elementor-element elementor-element-e914f39\" data-id=\"e914f39\" data-element_type=\"column\">\n\t\t\t<div class=\"elementor-widget-wrap elementor-element-populated\">\n\t\t\t\t\t\t\t\t<div class=\"elementor-element elementor-element-5475936 elementor-widget elementor-widget-image\" data-id=\"5475936\" data-element_type=\"widget\" data-widget_type=\"image.default\">\n\t\t\t\t<div class=\"elementor-widget-container\">\n\t\t\t\t\t\t\t\t\t\t\t\t<figure class=\"wp-caption\">\n\t\t\t\t\t\t\t\t\t\t\t<a href=\"https:\/\/julieherbreteau.com\/index.php\/creation-de-logo\/\" target=\"_blank\">\n\t\t\t\t\t\t\t<img decoding=\"async\" src=\"https:\/\/julieherbreteau.com\/wp-content\/uploads\/elementor\/thumbs\/Logo-Thomas-1-scaled-r0wy4uyd8c52d13jiyksyp1xeesbhmvuo7wmqbdf76.jpg\" title=\"Logo Thomas\" alt=\"Logo Thomas\" \/>\t\t\t\t\t\t\t\t<\/a>\n\t\t\t\t\t\t\t\t\t\t\t<figcaption class=\"widget-image-caption wp-caption-text\"><\/figcaption>\n\t\t\t\t\t\t\t\t\t\t<\/figure>\n\t\t\t\t\t\t\t\t\t<\/div>\n\t\t\t\t<\/div>\n\t\t\t\t<div class=\"elementor-element elementor-element-f579222 elementor-widget elementor-widget-heading\" data-id=\"f579222\" data-element_type=\"widget\" data-widget_type=\"heading.default\">\n\t\t\t\t<div class=\"elementor-widget-container\">\n\t\t\t<h2 class=\"elementor-heading-title elementor-size-default\"><a href=\"https:\/\/julieherbreteau.com\/index.php\/creation-de-logo\/\" target=\"_blank\">Logos<\/a><\/h2>\t\t<\/div>\n\t\t\t\t<\/div>\n\t\t\t\t\t<\/div>\n\t\t<\/div>\n\t\t\t\t\t\t\t<\/div>\n\t\t<\/section>\n\t\t\t\t<section class=\"elementor-section elementor-top-section elementor-element elementor-element-c606ae7 elementor-section-content-bottom elementor-section-boxed elementor-section-height-default elementor-section-height-default\" data-id=\"c606ae7\" data-element_type=\"section\">\n\t\t\t\t\t\t<div class=\"elementor-container elementor-column-gap-default\">\n\t\t\t\t\t<div class=\"elementor-column elementor-col-50 elementor-top-column elementor-element elementor-element-0fe7290\" data-id=\"0fe7290\" data-element_type=\"column\">\n\t\t\t<div class=\"elementor-widget-wrap elementor-element-populated\">\n\t\t\t\t\t\t\t\t<div class=\"elementor-element elementor-element-f10830f elementor-widget elementor-widget-image\" data-id=\"f10830f\" data-element_type=\"widget\" data-widget_type=\"image.default\">\n\t\t\t\t<div class=\"elementor-widget-container\">\n\t\t\t\t\t\t\t\t\t\t\t\t<figure class=\"wp-caption\">\n\t\t\t\t\t\t\t\t\t\t\t<a href=\"https:\/\/julieherbreteau.com\/index.php\/visuels-linkedin-facebook-you-web-formation\/\" target=\"_blank\">\n\t\t\t\t\t\t\t<img decoding=\"async\" src=\"https:\/\/julieherbreteau.com\/wp-content\/uploads\/elementor\/thumbs\/VAE-master-2-manager-de-projet-pg5zm3lh16zvoyetih8pjp63tco4asm86volkz4qwu.jpg\" title=\"VAE master 2 manager de projet\" alt=\"VAE master 2 manager de projet\" \/>\t\t\t\t\t\t\t\t<\/a>\n\t\t\t\t\t\t\t\t\t\t\t<figcaption class=\"widget-image-caption wp-caption-text\"><\/figcaption>\n\t\t\t\t\t\t\t\t\t\t<\/figure>\n\t\t\t\t\t\t\t\t\t<\/div>\n\t\t\t\t<\/div>\n\t\t\t\t<div class=\"elementor-element elementor-element-481ab72 elementor-widget elementor-widget-heading\" data-id=\"481ab72\" data-element_type=\"widget\" data-widget_type=\"heading.default\">\n\t\t\t\t<div class=\"elementor-widget-container\">\n\t\t\t<h2 class=\"elementor-heading-title elementor-size-default\"><a href=\"https:\/\/julieherbreteau.com\/index.php\/visuels-linkedin-facebook-you-web-formation\/\" target=\"_blank\">Visuels r\u00e9seaux sociaux<\/a><\/h2>\t\t<\/div>\n\t\t\t\t<\/div>\n\t\t\t\t\t<\/div>\n\t\t<\/div>\n\t\t\t\t<div class=\"elementor-column elementor-col-50 elementor-top-column elementor-element elementor-element-d0b8865\" data-id=\"d0b8865\" data-element_type=\"column\">\n\t\t\t<div class=\"elementor-widget-wrap elementor-element-populated\">\n\t\t\t\t\t\t\t\t<div class=\"elementor-element elementor-element-81abc8f elementor-widget elementor-widget-image\" data-id=\"81abc8f\" data-element_type=\"widget\" data-widget_type=\"image.default\">\n\t\t\t\t<div class=\"elementor-widget-container\">\n\t\t\t\t\t\t\t\t\t\t\t\t<figure class=\"wp-caption\">\n\t\t\t\t\t\t\t\t\t\t\t<a href=\"https:\/\/julieherbreteau.com\/index.php\/gobelets-ecocup-2\/\">\n\t\t\t\t\t\t\t<img decoding=\"async\" src=\"https:\/\/julieherbreteau.com\/wp-content\/uploads\/elementor\/thumbs\/ECO_MOCKUP30-DECO4-scaled-pw0dsf0wj9klrd4pnumfui4gzkj06bqi98qswuyz16.jpg\" title=\"ECO_MOCKUP30 DECO4\" alt=\"ECO_MOCKUP30 DECO4\" \/>\t\t\t\t\t\t\t\t<\/a>\n\t\t\t\t\t\t\t\t\t\t\t<figcaption class=\"widget-image-caption wp-caption-text\"><\/figcaption>\n\t\t\t\t\t\t\t\t\t\t<\/figure>\n\t\t\t\t\t\t\t\t\t<\/div>\n\t\t\t\t<\/div>\n\t\t\t\t<div class=\"elementor-element elementor-element-5d99438 elementor-widget elementor-widget-heading\" data-id=\"5d99438\" data-element_type=\"widget\" data-widget_type=\"heading.default\">\n\t\t\t\t<div class=\"elementor-widget-container\">\n\t\t\t<h2 class=\"elementor-heading-title elementor-size-default\"><a href=\"https:\/\/julieherbreteau.com\/index.php\/gobelets-ecocup\/\" target=\"_blank\">Graphisme gobelets<\/a><\/h2>\t\t<\/div>\n\t\t\t\t<\/div>\n\t\t\t\t\t<\/div>\n\t\t<\/div>\n\t\t\t\t\t\t\t<\/div>\n\t\t<\/section>\n\t\t\t\t\t\t<\/div>\n\t\t\t\t\t<\/div>\n\t\t","protected":false},"excerpt":{"rendered":"<p>Portfolio Bonjour ! Bienvenue sur mon portfolio. Je suis Julie Herbreteau,\u00a0 Charg\u00e9e de communication &#038; Graphiste. D\u00e9couvrez mes r\u00e9alisations ! Vous y trouverez notamment des travaux de web design, la cr\u00e9ation de logos, la cr\u00e9ation de visuels, la r\u00e9alisation d\u2019illustrations vectorielles, \u2026.\u00a0 Mes derniers projets PRINT &#038; WEB Sites web Affiches Couverture et publicit\u00e9s magazines [&hellip;]<\/p>\n","protected":false},"author":1,"featured_media":0,"parent":0,"menu_order":0,"comment_status":"closed","ping_status":"closed","template":"elementor_header_footer","meta":{"footnotes":""},"_links":{"self":[{"href":"https:\/\/julieherbreteau.com\/index.php\/wp-json\/wp\/v2\/pages\/6"}],"collection":[{"href":"https:\/\/julieherbreteau.com\/index.php\/wp-json\/wp\/v2\/pages"}],"about":[{"href":"https:\/\/julieherbreteau.com\/index.php\/wp-json\/wp\/v2\/types\/page"}],"author":[{"embeddable":true,"href":"https:\/\/julieherbreteau.com\/index.php\/wp-json\/wp\/v2\/users\/1"}],"replies":[{"embeddable":true,"href":"https:\/\/julieherbreteau.com\/index.php\/wp-json\/wp\/v2\/comments?post=6"}],"version-history":[{"count":321,"href":"https:\/\/julieherbreteau.com\/index.php\/wp-json\/wp\/v2\/pages\/6\/revisions"}],"predecessor-version":[{"id":969,"href":"https:\/\/julieherbreteau.com\/index.php\/wp-json\/wp\/v2\/pages\/6\/revisions\/969"}],"wp:attachment":[{"href":"https:\/\/julieherbreteau.com\/index.php\/wp-json\/wp\/v2\/media?parent=6"}],"curies":[{"name":"wp","href":"https:\/\/api.w.org\/{rel}","templated":true}]}}