{"id":366,"date":"2022-10-10T15:35:26","date_gmt":"2022-10-10T13:35:26","guid":{"rendered":"https:\/\/julieherbreteau.com\/?page_id=366"},"modified":"2023-10-18T12:38:29","modified_gmt":"2023-10-18T10:38:29","slug":"gobelets-ecocup","status":"publish","type":"page","link":"https:\/\/julieherbreteau.com\/index.php\/gobelets-ecocup\/","title":{"rendered":"Couverture et publicit\u00e9s magazines"},"content":{"rendered":"\t\t<div data-elementor-type=\"wp-page\" data-elementor-id=\"366\" class=\"elementor elementor-366\" data-elementor-settings=\"[]\">\n\t\t\t\t\t\t\t<div class=\"elementor-section-wrap\">\n\t\t\t\t\t\t\t<section class=\"elementor-section elementor-top-section elementor-element elementor-element-0b162e1 elementor-section-boxed elementor-section-height-default elementor-section-height-default\" data-id=\"0b162e1\" data-element_type=\"section\">\n\t\t\t\t\t\t<div class=\"elementor-container elementor-column-gap-default\">\n\t\t\t\t\t<div class=\"elementor-column elementor-col-100 elementor-top-column elementor-element elementor-element-17aec27\" data-id=\"17aec27\" data-element_type=\"column\">\n\t\t\t<div class=\"elementor-widget-wrap elementor-element-populated\">\n\t\t\t\t\t\t\t\t<div class=\"elementor-element elementor-element-e57c316 elementor-widget elementor-widget-heading\" data-id=\"e57c316\" data-element_type=\"widget\" data-widget_type=\"heading.default\">\n\t\t\t\t<div class=\"elementor-widget-container\">\n\t\t\t<h2 class=\"elementor-heading-title elementor-size-xl\">Couverture et publicit\u00e9s magazines<\/h2>\t\t<\/div>\n\t\t\t\t<\/div>\n\t\t\t\t\t<\/div>\n\t\t<\/div>\n\t\t\t\t\t\t\t<\/div>\n\t\t<\/section>\n\t\t\t\t<section class=\"elementor-section elementor-top-section elementor-element elementor-element-5c1e665 elementor-section-full_width elementor-section-content-top elementor-section-height-default elementor-section-height-default\" data-id=\"5c1e665\" data-element_type=\"section\">\n\t\t\t\t\t\t<div class=\"elementor-container elementor-column-gap-default\">\n\t\t\t\t\t<div class=\"elementor-column elementor-col-100 elementor-top-column elementor-element elementor-element-3a4d779\" data-id=\"3a4d779\" data-element_type=\"column\">\n\t\t\t<div class=\"elementor-widget-wrap elementor-element-populated\">\n\t\t\t\t\t\t\t\t<div class=\"elementor-element elementor-element-537db26 elementor-widget elementor-widget-image\" data-id=\"537db26\" data-element_type=\"widget\" data-widget_type=\"image.default\">\n\t\t\t\t<div class=\"elementor-widget-container\">\n\t\t\t\t\t\t\t\t\t\t\t\t\t\t\t<img decoding=\"async\" loading=\"lazy\" width=\"580\" height=\"435\" src=\"https:\/\/julieherbreteau.com\/wp-content\/uploads\/2023\/10\/biofil-768x576.png\" class=\"attachment-medium_large size-medium_large\" alt=\"\" srcset=\"https:\/\/julieherbreteau.com\/wp-content\/uploads\/2023\/10\/biofil-768x576.png 768w, https:\/\/julieherbreteau.com\/wp-content\/uploads\/2023\/10\/biofil-300x225.png 300w, https:\/\/julieherbreteau.com\/wp-content\/uploads\/2023\/10\/biofil-1024x768.png 1024w, https:\/\/julieherbreteau.com\/wp-content\/uploads\/2023\/10\/biofil-1536x1152.png 1536w, https:\/\/julieherbreteau.com\/wp-content\/uploads\/2023\/10\/biofil-2048x1536.png 2048w, https:\/\/julieherbreteau.com\/wp-content\/uploads\/2023\/10\/biofil-1200x900.png 1200w, https:\/\/julieherbreteau.com\/wp-content\/uploads\/2023\/10\/biofil-1980x1485.png 1980w\" sizes=\"(max-width: 580px) 100vw, 580px\" \/>\t\t\t\t\t\t\t\t\t\t\t\t\t\t\t<\/div>\n\t\t\t\t<\/div>\n\t\t\t\t<div class=\"elementor-element elementor-element-e0488ff elementor-widget elementor-widget-heading\" data-id=\"e0488ff\" data-element_type=\"widget\" data-widget_type=\"heading.default\">\n\t\t\t\t<div class=\"elementor-widget-container\">\n\t\t\t<h2 class=\"elementor-heading-title elementor-size-default\">Couverture pour la revue Biofil et publicit\u00e9 pour la revue Vitisbio<\/h2>\t\t<\/div>\n\t\t\t\t<\/div>\n\t\t\t\t\t<\/div>\n\t\t<\/div>\n\t\t\t\t\t\t\t<\/div>\n\t\t<\/section>\n\t\t\t\t<section class=\"elementor-section elementor-top-section elementor-element elementor-element-2df372d elementor-section-full_width elementor-section-content-top elementor-section-height-default elementor-section-height-default\" data-id=\"2df372d\" data-element_type=\"section\">\n\t\t\t\t\t\t<div class=\"elementor-container elementor-column-gap-default\">\n\t\t\t\t\t<div class=\"elementor-column elementor-col-100 elementor-top-column elementor-element elementor-element-f64eec8\" data-id=\"f64eec8\" data-element_type=\"column\">\n\t\t\t<div class=\"elementor-widget-wrap elementor-element-populated\">\n\t\t\t\t\t\t\t\t<div class=\"elementor-element elementor-element-dc4bd80 elementor-widget elementor-widget-image\" data-id=\"dc4bd80\" data-element_type=\"widget\" data-widget_type=\"image.default\">\n\t\t\t\t<div class=\"elementor-widget-container\">\n\t\t\t\t\t\t\t\t\t\t\t\t\t\t\t<img decoding=\"async\" loading=\"lazy\" width=\"580\" height=\"582\" src=\"https:\/\/julieherbreteau.com\/wp-content\/uploads\/2023\/10\/couv2-scaled-e1697625348677-768x770.jpg\" class=\"attachment-medium_large size-medium_large\" alt=\"\" srcset=\"https:\/\/julieherbreteau.com\/wp-content\/uploads\/2023\/10\/couv2-scaled-e1697625348677-768x770.jpg 768w, https:\/\/julieherbreteau.com\/wp-content\/uploads\/2023\/10\/couv2-scaled-e1697625348677-300x300.jpg 300w, https:\/\/julieherbreteau.com\/wp-content\/uploads\/2023\/10\/couv2-scaled-e1697625348677-1021x1024.jpg 1021w, https:\/\/julieherbreteau.com\/wp-content\/uploads\/2023\/10\/couv2-scaled-e1697625348677-150x150.jpg 150w, https:\/\/julieherbreteau.com\/wp-content\/uploads\/2023\/10\/couv2-scaled-e1697625348677-1200x1203.jpg 1200w, https:\/\/julieherbreteau.com\/wp-content\/uploads\/2023\/10\/couv2-scaled-e1697625348677.jpg 1527w\" sizes=\"(max-width: 580px) 100vw, 580px\" \/>\t\t\t\t\t\t\t\t\t\t\t\t\t\t\t<\/div>\n\t\t\t\t<\/div>\n\t\t\t\t<div class=\"elementor-element elementor-element-1300047 elementor-widget elementor-widget-heading\" data-id=\"1300047\" data-element_type=\"widget\" data-widget_type=\"heading.default\">\n\t\t\t\t<div class=\"elementor-widget-container\">\n\t\t\t<h2 class=\"elementor-heading-title elementor-size-default\">Couverture pour la revue Biofil<\/h2>\t\t<\/div>\n\t\t\t\t<\/div>\n\t\t\t\t\t<\/div>\n\t\t<\/div>\n\t\t\t\t\t\t\t<\/div>\n\t\t<\/section>\n\t\t\t\t<section class=\"elementor-section elementor-top-section elementor-element elementor-element-5e5f170 elementor-section-full_width elementor-section-content-top elementor-section-height-default elementor-section-height-default\" data-id=\"5e5f170\" data-element_type=\"section\">\n\t\t\t\t\t\t<div class=\"elementor-container elementor-column-gap-default\">\n\t\t\t\t\t<div class=\"elementor-column elementor-col-100 elementor-top-column elementor-element elementor-element-8ccbd3e\" data-id=\"8ccbd3e\" data-element_type=\"column\">\n\t\t\t<div class=\"elementor-widget-wrap elementor-element-populated\">\n\t\t\t\t\t\t\t\t<div class=\"elementor-element elementor-element-eb64ee7 elementor-widget elementor-widget-image\" data-id=\"eb64ee7\" data-element_type=\"widget\" data-widget_type=\"image.default\">\n\t\t\t\t<div class=\"elementor-widget-container\">\n\t\t\t\t\t\t\t\t\t\t\t\t\t\t\t<img decoding=\"async\" loading=\"lazy\" width=\"580\" height=\"387\" src=\"https:\/\/julieherbreteau.com\/wp-content\/uploads\/2023\/10\/pub-768x512.png\" class=\"attachment-medium_large size-medium_large\" alt=\"\" srcset=\"https:\/\/julieherbreteau.com\/wp-content\/uploads\/2023\/10\/pub-768x512.png 768w, https:\/\/julieherbreteau.com\/wp-content\/uploads\/2023\/10\/pub-300x200.png 300w, https:\/\/julieherbreteau.com\/wp-content\/uploads\/2023\/10\/pub-1024x683.png 1024w, https:\/\/julieherbreteau.com\/wp-content\/uploads\/2023\/10\/pub-1536x1024.png 1536w, https:\/\/julieherbreteau.com\/wp-content\/uploads\/2023\/10\/pub-2048x1365.png 2048w, https:\/\/julieherbreteau.com\/wp-content\/uploads\/2023\/10\/pub-1200x800.png 1200w, https:\/\/julieherbreteau.com\/wp-content\/uploads\/2023\/10\/pub-1980x1320.png 1980w\" sizes=\"(max-width: 580px) 100vw, 580px\" \/>\t\t\t\t\t\t\t\t\t\t\t\t\t\t\t<\/div>\n\t\t\t\t<\/div>\n\t\t\t\t<div class=\"elementor-element elementor-element-46e2004 elementor-widget elementor-widget-heading\" data-id=\"46e2004\" data-element_type=\"widget\" data-widget_type=\"heading.default\">\n\t\t\t\t<div class=\"elementor-widget-container\">\n\t\t\t<h2 class=\"elementor-heading-title elementor-size-default\">Publicit\u00e9s pour les revues La Tribune des M\u00e9tiers et La Revue de l'alimentation animale<\/h2>\t\t<\/div>\n\t\t\t\t<\/div>\n\t\t\t\t\t<\/div>\n\t\t<\/div>\n\t\t\t\t\t\t\t<\/div>\n\t\t<\/section>\n\t\t\t\t\t\t<\/div>\n\t\t\t\t\t<\/div>\n\t\t","protected":false},"excerpt":{"rendered":"<p>Couverture et publicit\u00e9s magazines Couverture pour la revue Biofil et publicit\u00e9 pour la revue Vitisbio Couverture pour la revue Biofil Publicit\u00e9s pour les revues La Tribune des M\u00e9tiers et La Revue de l&rsquo;alimentation animale<\/p>\n","protected":false},"author":1,"featured_media":0,"parent":0,"menu_order":0,"comment_status":"closed","ping_status":"closed","template":"","meta":{"footnotes":""},"_links":{"self":[{"href":"https:\/\/julieherbreteau.com\/index.php\/wp-json\/wp\/v2\/pages\/366"}],"collection":[{"href":"https:\/\/julieherbreteau.com\/index.php\/wp-json\/wp\/v2\/pages"}],"about":[{"href":"https:\/\/julieherbreteau.com\/index.php\/wp-json\/wp\/v2\/types\/page"}],"author":[{"embeddable":true,"href":"https:\/\/julieherbreteau.com\/index.php\/wp-json\/wp\/v2\/users\/1"}],"replies":[{"embeddable":true,"href":"https:\/\/julieherbreteau.com\/index.php\/wp-json\/wp\/v2\/comments?post=366"}],"version-history":[{"count":26,"href":"https:\/\/julieherbreteau.com\/index.php\/wp-json\/wp\/v2\/pages\/366\/revisions"}],"predecessor-version":[{"id":819,"href":"https:\/\/julieherbreteau.com\/index.php\/wp-json\/wp\/v2\/pages\/366\/revisions\/819"}],"wp:attachment":[{"href":"https:\/\/julieherbreteau.com\/index.php\/wp-json\/wp\/v2\/media?parent=366"}],"curies":[{"name":"wp","href":"https:\/\/api.w.org\/{rel}","templated":true}]}}