{"id":258,"date":"2021-11-16T23:55:44","date_gmt":"2021-11-16T22:55:44","guid":{"rendered":"https:\/\/julieherbreteau.com\/?page_id=258"},"modified":"2023-10-18T12:56:28","modified_gmt":"2023-10-18T10:56:28","slug":"carte-de-voeux","status":"publish","type":"page","link":"https:\/\/julieherbreteau.com\/index.php\/carte-de-voeux\/","title":{"rendered":"Carte de v\u0153ux"},"content":{"rendered":"\t\t<div data-elementor-type=\"wp-page\" data-elementor-id=\"258\" class=\"elementor elementor-258\" data-elementor-settings=\"[]\">\n\t\t\t\t\t\t\t<div class=\"elementor-section-wrap\">\n\t\t\t\t\t\t\t<section class=\"elementor-section elementor-top-section elementor-element elementor-element-14ac5a7 elementor-section-boxed elementor-section-height-default elementor-section-height-default\" data-id=\"14ac5a7\" data-element_type=\"section\">\n\t\t\t\t\t\t<div class=\"elementor-container elementor-column-gap-default\">\n\t\t\t\t\t<div class=\"elementor-column elementor-col-100 elementor-top-column elementor-element elementor-element-edfdfff\" data-id=\"edfdfff\" data-element_type=\"column\">\n\t\t\t<div class=\"elementor-widget-wrap elementor-element-populated\">\n\t\t\t\t\t\t\t\t<div class=\"elementor-element elementor-element-edd1c87 elementor-widget elementor-widget-heading\" data-id=\"edd1c87\" data-element_type=\"widget\" data-widget_type=\"heading.default\">\n\t\t\t\t<div class=\"elementor-widget-container\">\n\t\t\t<h2 class=\"elementor-heading-title elementor-size-xl\">Carte de v\u0153ux<\/h2>\t\t<\/div>\n\t\t\t\t<\/div>\n\t\t\t\t<div class=\"elementor-element elementor-element-e13ea2e elementor-widget elementor-widget-text-editor\" data-id=\"e13ea2e\" data-element_type=\"widget\" data-widget_type=\"text-editor.default\">\n\t\t\t\t<div class=\"elementor-widget-container\">\n\t\t\t\t\t\t\t<p>Cr\u00e9ation de cartes de voeux lors de mon stage \u00e0 l&rsquo;Imprimerie Roy.<\/p>\t\t\t\t\t\t<\/div>\n\t\t\t\t<\/div>\n\t\t\t\t\t<\/div>\n\t\t<\/div>\n\t\t\t\t\t\t\t<\/div>\n\t\t<\/section>\n\t\t\t\t<section class=\"elementor-section elementor-top-section elementor-element elementor-element-70311b4 elementor-section-boxed elementor-section-height-default elementor-section-height-default\" data-id=\"70311b4\" data-element_type=\"section\">\n\t\t\t\t\t\t<div class=\"elementor-container elementor-column-gap-default\">\n\t\t\t\t\t<div class=\"elementor-column elementor-col-50 elementor-top-column elementor-element elementor-element-766fefd\" data-id=\"766fefd\" data-element_type=\"column\">\n\t\t\t<div class=\"elementor-widget-wrap elementor-element-populated\">\n\t\t\t\t\t\t\t\t<div class=\"elementor-element elementor-element-9b1e606 elementor-widget elementor-widget-image\" data-id=\"9b1e606\" data-element_type=\"widget\" data-widget_type=\"image.default\">\n\t\t\t\t<div class=\"elementor-widget-container\">\n\t\t\t\t\t\t\t\t\t\t\t\t\t\t\t<img decoding=\"async\" loading=\"lazy\" width=\"1920\" height=\"2560\" src=\"https:\/\/julieherbreteau.com\/wp-content\/uploads\/2021\/11\/cartevoeuxvert-1-scaled.jpg\" class=\"elementor-animation-float attachment-full size-full\" alt=\"carte de v\u0153ux verte\" srcset=\"https:\/\/julieherbreteau.com\/wp-content\/uploads\/2021\/11\/cartevoeuxvert-1-scaled.jpg 1920w, https:\/\/julieherbreteau.com\/wp-content\/uploads\/2021\/11\/cartevoeuxvert-1-225x300.jpg 225w, https:\/\/julieherbreteau.com\/wp-content\/uploads\/2021\/11\/cartevoeuxvert-1-768x1024.jpg 768w, https:\/\/julieherbreteau.com\/wp-content\/uploads\/2021\/11\/cartevoeuxvert-1-1152x1536.jpg 1152w, https:\/\/julieherbreteau.com\/wp-content\/uploads\/2021\/11\/cartevoeuxvert-1-1536x2048.jpg 1536w, https:\/\/julieherbreteau.com\/wp-content\/uploads\/2021\/11\/cartevoeuxvert-1-1200x1600.jpg 1200w, https:\/\/julieherbreteau.com\/wp-content\/uploads\/2021\/11\/cartevoeuxvert-1-1980x2640.jpg 1980w\" sizes=\"(max-width: 1920px) 100vw, 1920px\" \/>\t\t\t\t\t\t\t\t\t\t\t\t\t\t\t<\/div>\n\t\t\t\t<\/div>\n\t\t\t\t\t<\/div>\n\t\t<\/div>\n\t\t\t\t<div class=\"elementor-column elementor-col-50 elementor-top-column elementor-element elementor-element-deead5b\" data-id=\"deead5b\" data-element_type=\"column\">\n\t\t\t<div class=\"elementor-widget-wrap elementor-element-populated\">\n\t\t\t\t\t\t\t\t<div class=\"elementor-element elementor-element-2e04d5f elementor-widget elementor-widget-image\" data-id=\"2e04d5f\" data-element_type=\"widget\" data-widget_type=\"image.default\">\n\t\t\t\t<div class=\"elementor-widget-container\">\n\t\t\t\t\t\t\t\t\t\t\t\t\t\t\t<img decoding=\"async\" loading=\"lazy\" width=\"1920\" height=\"2560\" src=\"https:\/\/julieherbreteau.com\/wp-content\/uploads\/2021\/11\/cartevoeuxros-scaled.jpg\" class=\"elementor-animation-float attachment-full size-full\" alt=\"\" srcset=\"https:\/\/julieherbreteau.com\/wp-content\/uploads\/2021\/11\/cartevoeuxros-scaled.jpg 1920w, https:\/\/julieherbreteau.com\/wp-content\/uploads\/2021\/11\/cartevoeuxros-225x300.jpg 225w, https:\/\/julieherbreteau.com\/wp-content\/uploads\/2021\/11\/cartevoeuxros-768x1024.jpg 768w, https:\/\/julieherbreteau.com\/wp-content\/uploads\/2021\/11\/cartevoeuxros-1152x1536.jpg 1152w, https:\/\/julieherbreteau.com\/wp-content\/uploads\/2021\/11\/cartevoeuxros-1536x2048.jpg 1536w, https:\/\/julieherbreteau.com\/wp-content\/uploads\/2021\/11\/cartevoeuxros-1200x1600.jpg 1200w, https:\/\/julieherbreteau.com\/wp-content\/uploads\/2021\/11\/cartevoeuxros-1980x2640.jpg 1980w\" sizes=\"(max-width: 1920px) 100vw, 1920px\" \/>\t\t\t\t\t\t\t\t\t\t\t\t\t\t\t<\/div>\n\t\t\t\t<\/div>\n\t\t\t\t\t<\/div>\n\t\t<\/div>\n\t\t\t\t\t\t\t<\/div>\n\t\t<\/section>\n\t\t\t\t\t\t<\/div>\n\t\t\t\t\t<\/div>\n\t\t","protected":false},"excerpt":{"rendered":"<p>Carte de v\u0153ux Cr\u00e9ation de cartes de voeux lors de mon stage \u00e0 l&rsquo;Imprimerie Roy.<\/p>\n","protected":false},"author":1,"featured_media":0,"parent":0,"menu_order":0,"comment_status":"closed","ping_status":"closed","template":"","meta":{"footnotes":""},"_links":{"self":[{"href":"https:\/\/julieherbreteau.com\/index.php\/wp-json\/wp\/v2\/pages\/258"}],"collection":[{"href":"https:\/\/julieherbreteau.com\/index.php\/wp-json\/wp\/v2\/pages"}],"about":[{"href":"https:\/\/julieherbreteau.com\/index.php\/wp-json\/wp\/v2\/types\/page"}],"author":[{"embeddable":true,"href":"https:\/\/julieherbreteau.com\/index.php\/wp-json\/wp\/v2\/users\/1"}],"replies":[{"embeddable":true,"href":"https:\/\/julieherbreteau.com\/index.php\/wp-json\/wp\/v2\/comments?post=258"}],"version-history":[{"count":13,"href":"https:\/\/julieherbreteau.com\/index.php\/wp-json\/wp\/v2\/pages\/258\/revisions"}],"predecessor-version":[{"id":851,"href":"https:\/\/julieherbreteau.com\/index.php\/wp-json\/wp\/v2\/pages\/258\/revisions\/851"}],"wp:attachment":[{"href":"https:\/\/julieherbreteau.com\/index.php\/wp-json\/wp\/v2\/media?parent=258"}],"curies":[{"name":"wp","href":"https:\/\/api.w.org\/{rel}","templated":true}]}}