{"id":174,"date":"2021-11-16T21:14:59","date_gmt":"2021-11-16T20:14:59","guid":{"rendered":"https:\/\/julieherbreteau.com\/?page_id=174"},"modified":"2023-10-18T12:58:29","modified_gmt":"2023-10-18T10:58:29","slug":"refonte-site-wordpress-you-web-formation","status":"publish","type":"page","link":"https:\/\/julieherbreteau.com\/index.php\/refonte-site-wordpress-you-web-formation\/","title":{"rendered":"Refonte site WordPress You web formation"},"content":{"rendered":"\t\t<div data-elementor-type=\"wp-page\" data-elementor-id=\"174\" class=\"elementor elementor-174\" data-elementor-settings=\"[]\">\n\t\t\t\t\t\t\t<div class=\"elementor-section-wrap\">\n\t\t\t\t\t\t\t<section class=\"elementor-section elementor-top-section elementor-element elementor-element-52dcf4be elementor-section-boxed elementor-section-height-default elementor-section-height-default\" data-id=\"52dcf4be\" data-element_type=\"section\">\n\t\t\t\t\t\t<div class=\"elementor-container elementor-column-gap-default\">\n\t\t\t\t\t<div class=\"elementor-column elementor-col-100 elementor-top-column elementor-element elementor-element-162ed022\" data-id=\"162ed022\" data-element_type=\"column\">\n\t\t\t<div class=\"elementor-widget-wrap elementor-element-populated\">\n\t\t\t\t\t\t\t\t<div class=\"elementor-element elementor-element-b6561d8 elementor-aspect-ratio-169 elementor-widget elementor-widget-video\" data-id=\"b6561d8\" data-element_type=\"widget\" data-settings=\"{&quot;youtube_url&quot;:&quot;https:\\\/\\\/www.youtube.com\\\/watch?v=TztJtz0SY6g&quot;,&quot;video_type&quot;:&quot;youtube&quot;,&quot;controls&quot;:&quot;yes&quot;,&quot;aspect_ratio&quot;:&quot;169&quot;}\" data-widget_type=\"video.default\">\n\t\t\t\t<div class=\"elementor-widget-container\">\n\t\t\t\t\t<div class=\"elementor-wrapper elementor-fit-aspect-ratio elementor-open-inline\">\n\t\t\t<div class=\"elementor-video\"><\/div>\t\t<\/div>\n\t\t\t\t<\/div>\n\t\t\t\t<\/div>\n\t\t\t\t<section class=\"elementor-section elementor-inner-section elementor-element elementor-element-21b3193 elementor-section-boxed elementor-section-height-default elementor-section-height-default\" data-id=\"21b3193\" data-element_type=\"section\">\n\t\t\t\t\t\t<div class=\"elementor-container elementor-column-gap-default\">\n\t\t\t\t\t<div class=\"elementor-column elementor-col-100 elementor-inner-column elementor-element elementor-element-14393bf3\" data-id=\"14393bf3\" data-element_type=\"column\">\n\t\t\t<div class=\"elementor-widget-wrap elementor-element-populated\">\n\t\t\t\t\t\t\t\t<div class=\"elementor-element elementor-element-36e567d1 elementor-widget elementor-widget-heading\" data-id=\"36e567d1\" data-element_type=\"widget\" data-widget_type=\"heading.default\">\n\t\t\t\t<div class=\"elementor-widget-container\">\n\t\t\t<h2 class=\"elementor-heading-title elementor-size-default\">Refonte site WordPress You web formation<\/h2>\t\t<\/div>\n\t\t\t\t<\/div>\n\t\t\t\t<div class=\"elementor-element elementor-element-44d909c0 elementor-widget elementor-widget-text-editor\" data-id=\"44d909c0\" data-element_type=\"widget\" data-widget_type=\"text-editor.default\">\n\t\t\t\t<div class=\"elementor-widget-container\">\n\t\t\t\t\t\t\t<p>Ce site pr\u00e9sente les diff\u00e9rentes formations que l\u2019entreprise propose.<br \/>Le site avait besoin d\u2019\u00eatre modernis\u00e9 et de s\u2019adapter aux nouveaux usages de consultation, notamment via les formations propos\u00e9es en ligne via smartphones et tablettes.<\/p><p><strong>Cr\u00e9ation visuelle<\/strong><\/p><p><span style=\"font-size: inherit; text-align: inherit; letter-spacing: -0.015em;\">La cr\u00e9ation de pictos, le choix des couleurs, des typographies et la cr\u00e9ation de visuels.<\/span><\/p><p><a href=\"https:\/\/youwebformation.com\/\">Lien vers le site<\/a><\/p>\t\t\t\t\t\t<\/div>\n\t\t\t\t<\/div>\n\t\t\t\t\t<\/div>\n\t\t<\/div>\n\t\t\t\t\t\t\t<\/div>\n\t\t<\/section>\n\t\t\t\t\t<\/div>\n\t\t<\/div>\n\t\t\t\t\t\t\t<\/div>\n\t\t<\/section>\n\t\t\t\t<section class=\"elementor-section elementor-top-section elementor-element elementor-element-4a7dc720 elementor-section-boxed elementor-section-height-default elementor-section-height-default\" data-id=\"4a7dc720\" data-element_type=\"section\">\n\t\t\t\t\t\t<div class=\"elementor-container elementor-column-gap-default\">\n\t\t\t\t\t<div class=\"elementor-column elementor-col-100 elementor-top-column elementor-element elementor-element-2cd5c707\" data-id=\"2cd5c707\" data-element_type=\"column\">\n\t\t\t<div class=\"elementor-widget-wrap elementor-element-populated\">\n\t\t\t\t\t\t\t\t\t<\/div>\n\t\t<\/div>\n\t\t\t\t\t\t\t<\/div>\n\t\t<\/section>\n\t\t\t\t<section class=\"elementor-section elementor-top-section elementor-element elementor-element-6ac05310 elementor-section-boxed elementor-section-height-default elementor-section-height-default\" data-id=\"6ac05310\" data-element_type=\"section\">\n\t\t\t\t\t\t<div class=\"elementor-container elementor-column-gap-default\">\n\t\t\t\t\t<div class=\"elementor-column elementor-col-100 elementor-top-column elementor-element elementor-element-5e0e39ca\" data-id=\"5e0e39ca\" data-element_type=\"column\">\n\t\t\t<div class=\"elementor-widget-wrap elementor-element-populated\">\n\t\t\t\t\t\t\t\t<div class=\"elementor-element elementor-element-2ea835dd elementor-widget elementor-widget-heading\" data-id=\"2ea835dd\" data-element_type=\"widget\" data-widget_type=\"heading.default\">\n\t\t\t\t<div class=\"elementor-widget-container\">\n\t\t\t<h2 class=\"elementor-heading-title elementor-size-xl\">Visuels de la page d'accueil et d'une page de formation.<\/h2>\t\t<\/div>\n\t\t\t\t<\/div>\n\t\t\t\t\t<\/div>\n\t\t<\/div>\n\t\t\t\t\t\t\t<\/div>\n\t\t<\/section>\n\t\t\t\t<section class=\"elementor-section elementor-top-section elementor-element elementor-element-4ee9bf6e elementor-section-boxed elementor-section-height-default elementor-section-height-default\" data-id=\"4ee9bf6e\" data-element_type=\"section\">\n\t\t\t\t\t\t<div class=\"elementor-container elementor-column-gap-default\">\n\t\t\t\t\t<div class=\"elementor-column elementor-col-100 elementor-top-column elementor-element elementor-element-3cbabc12\" data-id=\"3cbabc12\" data-element_type=\"column\">\n\t\t\t<div class=\"elementor-widget-wrap elementor-element-populated\">\n\t\t\t\t\t\t\t\t<div class=\"elementor-element elementor-element-42d572d5 elementor-widget elementor-widget-heading\" data-id=\"42d572d5\" data-element_type=\"widget\" data-widget_type=\"heading.default\">\n\t\t\t\t<div class=\"elementor-widget-container\">\n\t\t\t<h2 class=\"elementor-heading-title elementor-size-xl\">Versions responsives<\/h2>\t\t<\/div>\n\t\t\t\t<\/div>\n\t\t\t\t<div class=\"elementor-element elementor-element-20a13fea elementor-widget elementor-widget-image\" data-id=\"20a13fea\" data-element_type=\"widget\" data-widget_type=\"image.default\">\n\t\t\t\t<div class=\"elementor-widget-container\">\n\t\t\t\t\t\t\t\t\t\t\t\t\t\t\t<img decoding=\"async\" loading=\"lazy\" width=\"2560\" height=\"1429\" src=\"https:\/\/julieherbreteau.com\/wp-content\/uploads\/2021\/11\/visuel-yw-scaled-e1697578324149.jpg\" class=\"attachment-full size-full\" alt=\"\" srcset=\"https:\/\/julieherbreteau.com\/wp-content\/uploads\/2021\/11\/visuel-yw-scaled-e1697578324149.jpg 2560w, https:\/\/julieherbreteau.com\/wp-content\/uploads\/2021\/11\/visuel-yw-scaled-e1697578324149-300x167.jpg 300w, https:\/\/julieherbreteau.com\/wp-content\/uploads\/2021\/11\/visuel-yw-scaled-e1697578324149-1024x572.jpg 1024w, https:\/\/julieherbreteau.com\/wp-content\/uploads\/2021\/11\/visuel-yw-scaled-e1697578324149-768x429.jpg 768w, https:\/\/julieherbreteau.com\/wp-content\/uploads\/2021\/11\/visuel-yw-scaled-e1697578324149-1536x857.jpg 1536w, https:\/\/julieherbreteau.com\/wp-content\/uploads\/2021\/11\/visuel-yw-scaled-e1697578324149-2048x1143.jpg 2048w, https:\/\/julieherbreteau.com\/wp-content\/uploads\/2021\/11\/visuel-yw-scaled-e1697578324149-1200x670.jpg 1200w, https:\/\/julieherbreteau.com\/wp-content\/uploads\/2021\/11\/visuel-yw-scaled-e1697578324149-1980x1105.jpg 1980w\" sizes=\"(max-width: 2560px) 100vw, 2560px\" \/>\t\t\t\t\t\t\t\t\t\t\t\t\t\t\t<\/div>\n\t\t\t\t<\/div>\n\t\t\t\t<div class=\"elementor-element elementor-element-75d02f8c elementor-widget elementor-widget-image\" data-id=\"75d02f8c\" data-element_type=\"widget\" data-widget_type=\"image.default\">\n\t\t\t\t<div class=\"elementor-widget-container\">\n\t\t\t\t\t\t\t\t\t\t\t\t\t\t\t<img decoding=\"async\" loading=\"lazy\" width=\"1900\" height=\"889\" src=\"https:\/\/julieherbreteau.com\/wp-content\/uploads\/2021\/11\/responsive-youweb.jpg\" class=\"attachment-full size-full\" alt=\"\" srcset=\"https:\/\/julieherbreteau.com\/wp-content\/uploads\/2021\/11\/responsive-youweb.jpg 1900w, https:\/\/julieherbreteau.com\/wp-content\/uploads\/2021\/11\/responsive-youweb-300x140.jpg 300w, https:\/\/julieherbreteau.com\/wp-content\/uploads\/2021\/11\/responsive-youweb-1024x479.jpg 1024w, https:\/\/julieherbreteau.com\/wp-content\/uploads\/2021\/11\/responsive-youweb-768x359.jpg 768w, https:\/\/julieherbreteau.com\/wp-content\/uploads\/2021\/11\/responsive-youweb-1536x719.jpg 1536w, https:\/\/julieherbreteau.com\/wp-content\/uploads\/2021\/11\/responsive-youweb-1200x561.jpg 1200w\" sizes=\"(max-width: 1900px) 100vw, 1900px\" \/>\t\t\t\t\t\t\t\t\t\t\t\t\t\t\t<\/div>\n\t\t\t\t<\/div>\n\t\t\t\t\t<\/div>\n\t\t<\/div>\n\t\t\t\t\t\t\t<\/div>\n\t\t<\/section>\n\t\t\t\t\t\t<\/div>\n\t\t\t\t\t<\/div>\n\t\t","protected":false},"excerpt":{"rendered":"<p>Refonte site WordPress You web formation Ce site pr\u00e9sente les diff\u00e9rentes formations que l\u2019entreprise propose.Le site avait besoin d\u2019\u00eatre modernis\u00e9 et de s\u2019adapter aux nouveaux usages de consultation, notamment via les formations propos\u00e9es en ligne via smartphones et tablettes. Cr\u00e9ation visuelle La cr\u00e9ation de pictos, le choix des couleurs, des typographies et la cr\u00e9ation de [&hellip;]<\/p>\n","protected":false},"author":1,"featured_media":0,"parent":0,"menu_order":0,"comment_status":"closed","ping_status":"closed","template":"","meta":{"footnotes":""},"_links":{"self":[{"href":"https:\/\/julieherbreteau.com\/index.php\/wp-json\/wp\/v2\/pages\/174"}],"collection":[{"href":"https:\/\/julieherbreteau.com\/index.php\/wp-json\/wp\/v2\/pages"}],"about":[{"href":"https:\/\/julieherbreteau.com\/index.php\/wp-json\/wp\/v2\/types\/page"}],"author":[{"embeddable":true,"href":"https:\/\/julieherbreteau.com\/index.php\/wp-json\/wp\/v2\/users\/1"}],"replies":[{"embeddable":true,"href":"https:\/\/julieherbreteau.com\/index.php\/wp-json\/wp\/v2\/comments?post=174"}],"version-history":[{"count":28,"href":"https:\/\/julieherbreteau.com\/index.php\/wp-json\/wp\/v2\/pages\/174\/revisions"}],"predecessor-version":[{"id":857,"href":"https:\/\/julieherbreteau.com\/index.php\/wp-json\/wp\/v2\/pages\/174\/revisions\/857"}],"wp:attachment":[{"href":"https:\/\/julieherbreteau.com\/index.php\/wp-json\/wp\/v2\/media?parent=174"}],"curies":[{"name":"wp","href":"https:\/\/api.w.org\/{rel}","templated":true}]}}