{"id":158,"date":"2021-11-16T19:06:09","date_gmt":"2021-11-16T18:06:09","guid":{"rendered":"http:\/\/julieherbreteau.com\/?page_id=158"},"modified":"2023-10-18T13:00:30","modified_gmt":"2023-10-18T11:00:30","slug":"site-html-css-la-chatterie-du-vent-des-coons","status":"publish","type":"page","link":"https:\/\/julieherbreteau.com\/index.php\/site-html-css-la-chatterie-du-vent-des-coons\/","title":{"rendered":"Site HTML &#038; CSS La chatterie du vent des coons"},"content":{"rendered":"\t\t<div data-elementor-type=\"wp-page\" data-elementor-id=\"158\" class=\"elementor elementor-158\" data-elementor-settings=\"[]\">\n\t\t\t\t\t\t\t<div class=\"elementor-section-wrap\">\n\t\t\t\t\t\t\t<section class=\"elementor-section elementor-top-section elementor-element elementor-element-4a43e56c elementor-section-boxed elementor-section-height-default elementor-section-height-default\" data-id=\"4a43e56c\" data-element_type=\"section\">\n\t\t\t\t\t\t<div class=\"elementor-container elementor-column-gap-default\">\n\t\t\t\t\t<div class=\"elementor-column elementor-col-100 elementor-top-column elementor-element elementor-element-5d91bf35\" data-id=\"5d91bf35\" data-element_type=\"column\">\n\t\t\t<div class=\"elementor-widget-wrap elementor-element-populated\">\n\t\t\t\t\t\t\t\t<div class=\"elementor-element elementor-element-7b354c86 elementor-widget elementor-widget-heading\" data-id=\"7b354c86\" data-element_type=\"widget\" data-widget_type=\"heading.default\">\n\t\t\t\t<div class=\"elementor-widget-container\">\n\t\t\t<h2 class=\"elementor-heading-title elementor-size-xl\">\nSite HTML & CSS La chatterie du vent des coons<\/h2>\t\t<\/div>\n\t\t\t\t<\/div>\n\t\t\t\t\t<\/div>\n\t\t<\/div>\n\t\t\t\t\t\t\t<\/div>\n\t\t<\/section>\n\t\t\t\t<section class=\"elementor-section elementor-top-section elementor-element elementor-element-3bc0db14 elementor-section-boxed elementor-section-height-default elementor-section-height-default\" data-id=\"3bc0db14\" data-element_type=\"section\">\n\t\t\t\t\t\t<div class=\"elementor-container elementor-column-gap-default\">\n\t\t\t\t\t<div class=\"elementor-column elementor-col-100 elementor-top-column elementor-element elementor-element-2280d8ab\" data-id=\"2280d8ab\" data-element_type=\"column\">\n\t\t\t<div class=\"elementor-widget-wrap elementor-element-populated\">\n\t\t\t\t\t\t\t\t<div class=\"elementor-element elementor-element-69143f22 elementor-aspect-ratio-169 elementor-widget elementor-widget-video\" data-id=\"69143f22\" data-element_type=\"widget\" data-settings=\"{&quot;youtube_url&quot;:&quot;https:\\\/\\\/youtu.be\\\/XP0yaUHyD18&quot;,&quot;video_type&quot;:&quot;youtube&quot;,&quot;controls&quot;:&quot;yes&quot;,&quot;aspect_ratio&quot;:&quot;169&quot;}\" data-widget_type=\"video.default\">\n\t\t\t\t<div class=\"elementor-widget-container\">\n\t\t\t\t\t<div class=\"elementor-wrapper elementor-fit-aspect-ratio elementor-open-inline\">\n\t\t\t<div class=\"elementor-video\"><\/div>\t\t<\/div>\n\t\t\t\t<\/div>\n\t\t\t\t<\/div>\n\t\t\t\t<section class=\"elementor-section elementor-inner-section elementor-element elementor-element-63e1e4fb elementor-section-boxed elementor-section-height-default elementor-section-height-default\" data-id=\"63e1e4fb\" data-element_type=\"section\">\n\t\t\t\t\t\t<div class=\"elementor-container elementor-column-gap-default\">\n\t\t\t\t\t<div class=\"elementor-column elementor-col-50 elementor-inner-column elementor-element elementor-element-2e10341a\" data-id=\"2e10341a\" data-element_type=\"column\">\n\t\t\t<div class=\"elementor-widget-wrap elementor-element-populated\">\n\t\t\t\t\t\t\t\t<div class=\"elementor-element elementor-element-6c30bbdf elementor-widget elementor-widget-heading\" data-id=\"6c30bbdf\" data-element_type=\"widget\" data-widget_type=\"heading.default\">\n\t\t\t\t<div class=\"elementor-widget-container\">\n\t\t\t<h2 class=\"elementor-heading-title elementor-size-default\">Cr\u00e9ation d'un site pour un \u00e9levage f\u00e9lin<\/h2>\t\t<\/div>\n\t\t\t\t<\/div>\n\t\t\t\t<div class=\"elementor-element elementor-element-315244cc elementor-widget elementor-widget-text-editor\" data-id=\"315244cc\" data-element_type=\"widget\" data-widget_type=\"text-editor.default\">\n\t\t\t\t<div class=\"elementor-widget-container\">\n\t\t\t\t\t\t\t<p>Ma t\u00e2che a \u00e9t\u00e9 pour partie technique dans la cr\u00e9ation du site en lui-m\u00eame mais aussi d\u2019\u00eatre force de propositions pour cr\u00e9er une identit\u00e9 visuelle correspondant \u00e0 la propri\u00e9taire mais aussi tenant compte aux tendances actuelles.<\/p><p><strong>Cr\u00e9ation de l\u2019identit\u00e9 visuelle<\/strong> <br \/>La cr\u00e9ation d\u2019un logo, le choix des couleurs, des typographies et la cr\u00e9ation de visuels.\u00a0<\/p>\t\t\t\t\t\t<\/div>\n\t\t\t\t<\/div>\n\t\t\t\t\t<\/div>\n\t\t<\/div>\n\t\t\t\t<div class=\"elementor-column elementor-col-50 elementor-inner-column elementor-element elementor-element-751f3f35\" data-id=\"751f3f35\" data-element_type=\"column\">\n\t\t\t<div class=\"elementor-widget-wrap elementor-element-populated\">\n\t\t\t\t\t\t\t\t<div class=\"elementor-element elementor-element-6de06022 elementor-widget elementor-widget-image\" data-id=\"6de06022\" data-element_type=\"widget\" data-widget_type=\"image.default\">\n\t\t\t\t<div class=\"elementor-widget-container\">\n\t\t\t\t\t\t\t\t\t\t\t\t\t\t\t<img decoding=\"async\" loading=\"lazy\" width=\"300\" height=\"273\" src=\"https:\/\/julieherbreteau.com\/wp-content\/uploads\/2021\/11\/chartre-graphic-04.jpg\" class=\"attachment-full size-full\" alt=\"\" \/>\t\t\t\t\t\t\t\t\t\t\t\t\t\t\t<\/div>\n\t\t\t\t<\/div>\n\t\t\t\t\t<\/div>\n\t\t<\/div>\n\t\t\t\t\t\t\t<\/div>\n\t\t<\/section>\n\t\t\t\t\t<\/div>\n\t\t<\/div>\n\t\t\t\t\t\t\t<\/div>\n\t\t<\/section>\n\t\t\t\t<section class=\"elementor-section elementor-top-section elementor-element elementor-element-52c6c584 elementor-section-boxed elementor-section-height-default elementor-section-height-default\" data-id=\"52c6c584\" data-element_type=\"section\">\n\t\t\t\t\t\t<div class=\"elementor-container elementor-column-gap-default\">\n\t\t\t\t\t<div class=\"elementor-column elementor-col-100 elementor-top-column elementor-element elementor-element-1f67b542\" data-id=\"1f67b542\" data-element_type=\"column\">\n\t\t\t<div class=\"elementor-widget-wrap elementor-element-populated\">\n\t\t\t\t\t\t\t\t<div class=\"elementor-element elementor-element-1009d267 elementor-widget elementor-widget-heading\" data-id=\"1009d267\" data-element_type=\"widget\" data-widget_type=\"heading.default\">\n\t\t\t\t<div class=\"elementor-widget-container\">\n\t\t\t<h2 class=\"elementor-heading-title elementor-size-xl\">Visuels de la page d'accueil, notre histoire, nos maines coons et nos chatons.<\/h2>\t\t<\/div>\n\t\t\t\t<\/div>\n\t\t\t\t<div class=\"elementor-element elementor-element-02b8a09 elementor-widget elementor-widget-image\" data-id=\"02b8a09\" data-element_type=\"widget\" data-widget_type=\"image.default\">\n\t\t\t\t<div class=\"elementor-widget-container\">\n\t\t\t\t\t\t\t\t\t\t\t\t\t\t\t<img decoding=\"async\" loading=\"lazy\" width=\"580\" height=\"340\" src=\"https:\/\/julieherbreteau.com\/wp-content\/uploads\/2021\/11\/la-chatterie-acceuil-1024x601.jpg\" class=\"attachment-large size-large\" alt=\"visuel pages internet\" srcset=\"https:\/\/julieherbreteau.com\/wp-content\/uploads\/2021\/11\/la-chatterie-acceuil-1024x601.jpg 1024w, https:\/\/julieherbreteau.com\/wp-content\/uploads\/2021\/11\/la-chatterie-acceuil-300x176.jpg 300w, https:\/\/julieherbreteau.com\/wp-content\/uploads\/2021\/11\/la-chatterie-acceuil-768x450.jpg 768w, https:\/\/julieherbreteau.com\/wp-content\/uploads\/2021\/11\/la-chatterie-acceuil-1536x901.jpg 1536w, https:\/\/julieherbreteau.com\/wp-content\/uploads\/2021\/11\/la-chatterie-acceuil-1200x704.jpg 1200w, https:\/\/julieherbreteau.com\/wp-content\/uploads\/2021\/11\/la-chatterie-acceuil.jpg 1949w\" sizes=\"(max-width: 580px) 100vw, 580px\" \/>\t\t\t\t\t\t\t\t\t\t\t\t\t\t\t<\/div>\n\t\t\t\t<\/div>\n\t\t\t\t<div class=\"elementor-element elementor-element-27fce6b6 elementor-widget elementor-widget-image\" data-id=\"27fce6b6\" data-element_type=\"widget\" data-widget_type=\"image.default\">\n\t\t\t\t<div class=\"elementor-widget-container\">\n\t\t\t\t\t\t\t\t\t\t\t\t\t\t\t<img decoding=\"async\" loading=\"lazy\" width=\"2560\" height=\"1877\" src=\"https:\/\/julieherbreteau.com\/wp-content\/uploads\/2021\/11\/visuel-lc-scaled.jpg\" class=\"attachment-full size-full\" alt=\"\" srcset=\"https:\/\/julieherbreteau.com\/wp-content\/uploads\/2021\/11\/visuel-lc-scaled.jpg 2560w, https:\/\/julieherbreteau.com\/wp-content\/uploads\/2021\/11\/visuel-lc-300x220.jpg 300w, https:\/\/julieherbreteau.com\/wp-content\/uploads\/2021\/11\/visuel-lc-1024x751.jpg 1024w, https:\/\/julieherbreteau.com\/wp-content\/uploads\/2021\/11\/visuel-lc-768x563.jpg 768w, https:\/\/julieherbreteau.com\/wp-content\/uploads\/2021\/11\/visuel-lc-1536x1126.jpg 1536w, https:\/\/julieherbreteau.com\/wp-content\/uploads\/2021\/11\/visuel-lc-2048x1502.jpg 2048w, https:\/\/julieherbreteau.com\/wp-content\/uploads\/2021\/11\/visuel-lc-1200x880.jpg 1200w, https:\/\/julieherbreteau.com\/wp-content\/uploads\/2021\/11\/visuel-lc-1980x1452.jpg 1980w\" sizes=\"(max-width: 2560px) 100vw, 2560px\" \/>\t\t\t\t\t\t\t\t\t\t\t\t\t\t\t<\/div>\n\t\t\t\t<\/div>\n\t\t\t\t\t<\/div>\n\t\t<\/div>\n\t\t\t\t\t\t\t<\/div>\n\t\t<\/section>\n\t\t\t\t<section class=\"elementor-section elementor-top-section elementor-element elementor-element-8c3f308 elementor-section-boxed elementor-section-height-default elementor-section-height-default\" data-id=\"8c3f308\" data-element_type=\"section\">\n\t\t\t\t\t\t<div class=\"elementor-container elementor-column-gap-default\">\n\t\t\t\t\t<div class=\"elementor-column elementor-col-100 elementor-top-column elementor-element elementor-element-b028750\" data-id=\"b028750\" data-element_type=\"column\">\n\t\t\t<div class=\"elementor-widget-wrap elementor-element-populated\">\n\t\t\t\t\t\t\t\t<div class=\"elementor-element elementor-element-4c8cf9ad elementor-widget elementor-widget-heading\" data-id=\"4c8cf9ad\" data-element_type=\"widget\" data-widget_type=\"heading.default\">\n\t\t\t\t<div class=\"elementor-widget-container\">\n\t\t\t<h2 class=\"elementor-heading-title elementor-size-xl\">Versions responsives<\/h2>\t\t<\/div>\n\t\t\t\t<\/div>\n\t\t\t\t<div class=\"elementor-element elementor-element-4dd11e71 elementor-widget elementor-widget-image\" data-id=\"4dd11e71\" data-element_type=\"widget\" data-widget_type=\"image.default\">\n\t\t\t\t<div class=\"elementor-widget-container\">\n\t\t\t\t\t\t\t\t\t\t\t\t\t\t\t<img decoding=\"async\" loading=\"lazy\" width=\"1900\" height=\"889\" src=\"https:\/\/julieherbreteau.com\/wp-content\/uploads\/2021\/11\/responsive-la-chatterie.jpg\" class=\"attachment-full size-full\" alt=\"visuels responsive page web\" srcset=\"https:\/\/julieherbreteau.com\/wp-content\/uploads\/2021\/11\/responsive-la-chatterie.jpg 1900w, https:\/\/julieherbreteau.com\/wp-content\/uploads\/2021\/11\/responsive-la-chatterie-300x140.jpg 300w, https:\/\/julieherbreteau.com\/wp-content\/uploads\/2021\/11\/responsive-la-chatterie-1024x479.jpg 1024w, https:\/\/julieherbreteau.com\/wp-content\/uploads\/2021\/11\/responsive-la-chatterie-768x359.jpg 768w, https:\/\/julieherbreteau.com\/wp-content\/uploads\/2021\/11\/responsive-la-chatterie-1536x719.jpg 1536w, https:\/\/julieherbreteau.com\/wp-content\/uploads\/2021\/11\/responsive-la-chatterie-1200x561.jpg 1200w\" sizes=\"(max-width: 1900px) 100vw, 1900px\" \/>\t\t\t\t\t\t\t\t\t\t\t\t\t\t\t<\/div>\n\t\t\t\t<\/div>\n\t\t\t\t\t<\/div>\n\t\t<\/div>\n\t\t\t\t\t\t\t<\/div>\n\t\t<\/section>\n\t\t\t\t\t\t<\/div>\n\t\t\t\t\t<\/div>\n\t\t","protected":false},"excerpt":{"rendered":"<p>Site HTML &#038; CSS La chatterie du vent des coons Cr\u00e9ation d&rsquo;un site pour un \u00e9levage f\u00e9lin Ma t\u00e2che a \u00e9t\u00e9 pour partie technique dans la cr\u00e9ation du site en lui-m\u00eame mais aussi d\u2019\u00eatre force de propositions pour cr\u00e9er une identit\u00e9 visuelle correspondant \u00e0 la propri\u00e9taire mais aussi tenant compte aux tendances actuelles. Cr\u00e9ation de [&hellip;]<\/p>\n","protected":false},"author":1,"featured_media":0,"parent":0,"menu_order":0,"comment_status":"closed","ping_status":"closed","template":"","meta":{"footnotes":""},"_links":{"self":[{"href":"https:\/\/julieherbreteau.com\/index.php\/wp-json\/wp\/v2\/pages\/158"}],"collection":[{"href":"https:\/\/julieherbreteau.com\/index.php\/wp-json\/wp\/v2\/pages"}],"about":[{"href":"https:\/\/julieherbreteau.com\/index.php\/wp-json\/wp\/v2\/types\/page"}],"author":[{"embeddable":true,"href":"https:\/\/julieherbreteau.com\/index.php\/wp-json\/wp\/v2\/users\/1"}],"replies":[{"embeddable":true,"href":"https:\/\/julieherbreteau.com\/index.php\/wp-json\/wp\/v2\/comments?post=158"}],"version-history":[{"count":13,"href":"https:\/\/julieherbreteau.com\/index.php\/wp-json\/wp\/v2\/pages\/158\/revisions"}],"predecessor-version":[{"id":860,"href":"https:\/\/julieherbreteau.com\/index.php\/wp-json\/wp\/v2\/pages\/158\/revisions\/860"}],"wp:attachment":[{"href":"https:\/\/julieherbreteau.com\/index.php\/wp-json\/wp\/v2\/media?parent=158"}],"curies":[{"name":"wp","href":"https:\/\/api.w.org\/{rel}","templated":true}]}}