{"id":102,"date":"2021-11-15T23:09:12","date_gmt":"2021-11-15T22:09:12","guid":{"rendered":"http:\/\/julieherbreteau.com\/?page_id=102"},"modified":"2023-10-18T13:02:35","modified_gmt":"2023-10-18T11:02:35","slug":"site-prestashop-natural-cosy","status":"publish","type":"page","link":"https:\/\/julieherbreteau.com\/index.php\/site-prestashop-natural-cosy\/","title":{"rendered":"Site Prestashop Natural Cosy"},"content":{"rendered":"\t\t<div data-elementor-type=\"wp-page\" data-elementor-id=\"102\" class=\"elementor elementor-102\" data-elementor-settings=\"[]\">\n\t\t\t\t\t\t\t<div class=\"elementor-section-wrap\">\n\t\t\t\t\t\t\t<section class=\"elementor-section elementor-top-section elementor-element elementor-element-65165d6 elementor-section-boxed elementor-section-height-default elementor-section-height-default\" data-id=\"65165d6\" data-element_type=\"section\">\n\t\t\t\t\t\t<div class=\"elementor-container elementor-column-gap-default\">\n\t\t\t\t\t<div class=\"elementor-column elementor-col-100 elementor-top-column elementor-element elementor-element-ae3a073\" data-id=\"ae3a073\" data-element_type=\"column\">\n\t\t\t<div class=\"elementor-widget-wrap elementor-element-populated\">\n\t\t\t\t\t\t\t\t<div class=\"elementor-element elementor-element-947df61 elementor-widget elementor-widget-heading\" data-id=\"947df61\" data-element_type=\"widget\" data-widget_type=\"heading.default\">\n\t\t\t\t<div class=\"elementor-widget-container\">\n\t\t\t<h2 class=\"elementor-heading-title elementor-size-xl\">Site Prestashop Natural Cosy<\/h2>\t\t<\/div>\n\t\t\t\t<\/div>\n\t\t\t\t\t<\/div>\n\t\t<\/div>\n\t\t\t\t\t\t\t<\/div>\n\t\t<\/section>\n\t\t\t\t<section class=\"elementor-section elementor-top-section elementor-element elementor-element-3985192 elementor-section-boxed elementor-section-height-default elementor-section-height-default\" data-id=\"3985192\" data-element_type=\"section\">\n\t\t\t\t\t\t<div class=\"elementor-container elementor-column-gap-default\">\n\t\t\t\t\t<div class=\"elementor-column elementor-col-100 elementor-top-column elementor-element elementor-element-0124da2\" data-id=\"0124da2\" data-element_type=\"column\">\n\t\t\t<div class=\"elementor-widget-wrap elementor-element-populated\">\n\t\t\t\t\t\t\t\t<div class=\"elementor-element elementor-element-d2242dd elementor-aspect-ratio-169 elementor-widget elementor-widget-video\" data-id=\"d2242dd\" data-element_type=\"widget\" data-settings=\"{&quot;youtube_url&quot;:&quot;https:\\\/\\\/youtu.be\\\/Ts8dkwsbuTQ&quot;,&quot;video_type&quot;:&quot;youtube&quot;,&quot;controls&quot;:&quot;yes&quot;,&quot;aspect_ratio&quot;:&quot;169&quot;}\" data-widget_type=\"video.default\">\n\t\t\t\t<div class=\"elementor-widget-container\">\n\t\t\t\t\t<div class=\"elementor-wrapper elementor-fit-aspect-ratio elementor-open-inline\">\n\t\t\t<div class=\"elementor-video\"><\/div>\t\t<\/div>\n\t\t\t\t<\/div>\n\t\t\t\t<\/div>\n\t\t\t\t<section class=\"elementor-section elementor-inner-section elementor-element elementor-element-d02990c elementor-section-boxed elementor-section-height-default elementor-section-height-default\" data-id=\"d02990c\" data-element_type=\"section\">\n\t\t\t\t\t\t<div class=\"elementor-container elementor-column-gap-default\">\n\t\t\t\t\t<div class=\"elementor-column elementor-col-50 elementor-inner-column elementor-element elementor-element-c463c3f\" data-id=\"c463c3f\" data-element_type=\"column\">\n\t\t\t<div class=\"elementor-widget-wrap elementor-element-populated\">\n\t\t\t\t\t\t\t\t<div class=\"elementor-element elementor-element-4a01a27 elementor-widget elementor-widget-heading\" data-id=\"4a01a27\" data-element_type=\"widget\" data-widget_type=\"heading.default\">\n\t\t\t\t<div class=\"elementor-widget-container\">\n\t\t\t<h2 class=\"elementor-heading-title elementor-size-default\">Cr\u00e9ation d'une boutique de meubles fictive \u00e9co-responsable via Prestashop<\/h2>\t\t<\/div>\n\t\t\t\t<\/div>\n\t\t\t\t<div class=\"elementor-element elementor-element-8ec0228 elementor-widget elementor-widget-text-editor\" data-id=\"8ec0228\" data-element_type=\"widget\" data-widget_type=\"text-editor.default\">\n\t\t\t\t<div class=\"elementor-widget-container\">\n\t\t\t\t\t\t\t<p>J\u2019ai imagin\u00e9 pour ma boutique, un esprit cocooning avec une gamme \u00e9coresponsable. Ce choix fut guid\u00e9 par <br \/>les tendances actuelles en mati\u00e8re d\u2019ameublement des m\u00e9nages. <br \/><br \/>J\u2019ai d\u00e9cid\u00e9 de nommer ma boutique \u00ab Natural cosy \u00bb.<\/p><p><strong>Cr\u00e9ation de l\u2019identit\u00e9 visuelle<\/strong> <br \/>La cr\u00e9ation d\u2019un logo, le choix des couleurs, des typographies et la cr\u00e9ation de visuels.\u00a0<\/p>\t\t\t\t\t\t<\/div>\n\t\t\t\t<\/div>\n\t\t\t\t\t<\/div>\n\t\t<\/div>\n\t\t\t\t<div class=\"elementor-column elementor-col-50 elementor-inner-column elementor-element elementor-element-bb0c175\" data-id=\"bb0c175\" data-element_type=\"column\">\n\t\t\t<div class=\"elementor-widget-wrap elementor-element-populated\">\n\t\t\t\t\t\t\t\t<div class=\"elementor-element elementor-element-11504c5 elementor-widget elementor-widget-image\" data-id=\"11504c5\" data-element_type=\"widget\" data-widget_type=\"image.default\">\n\t\t\t\t<div class=\"elementor-widget-container\">\n\t\t\t\t\t\t\t\t\t\t\t\t\t\t\t<img decoding=\"async\" loading=\"lazy\" width=\"580\" height=\"704\" src=\"https:\/\/julieherbreteau.com\/wp-content\/uploads\/2021\/11\/chartres-844x1024.png\" class=\"attachment-large size-large\" alt=\"\" srcset=\"https:\/\/julieherbreteau.com\/wp-content\/uploads\/2021\/11\/chartres-844x1024.png 844w, https:\/\/julieherbreteau.com\/wp-content\/uploads\/2021\/11\/chartres-247x300.png 247w, https:\/\/julieherbreteau.com\/wp-content\/uploads\/2021\/11\/chartres-768x932.png 768w, https:\/\/julieherbreteau.com\/wp-content\/uploads\/2021\/11\/chartres-1266x1536.png 1266w, https:\/\/julieherbreteau.com\/wp-content\/uploads\/2021\/11\/chartres-1689x2048.png 1689w, https:\/\/julieherbreteau.com\/wp-content\/uploads\/2021\/11\/chartres-1200x1455.png 1200w, https:\/\/julieherbreteau.com\/wp-content\/uploads\/2021\/11\/chartres-1980x2402.png 1980w\" sizes=\"(max-width: 580px) 100vw, 580px\" \/>\t\t\t\t\t\t\t\t\t\t\t\t\t\t\t<\/div>\n\t\t\t\t<\/div>\n\t\t\t\t\t<\/div>\n\t\t<\/div>\n\t\t\t\t\t\t\t<\/div>\n\t\t<\/section>\n\t\t\t\t\t<\/div>\n\t\t<\/div>\n\t\t\t\t\t\t\t<\/div>\n\t\t<\/section>\n\t\t\t\t<section class=\"elementor-section elementor-top-section elementor-element elementor-element-6092450 elementor-section-boxed elementor-section-height-default elementor-section-height-default\" data-id=\"6092450\" data-element_type=\"section\">\n\t\t\t\t\t\t<div class=\"elementor-container elementor-column-gap-default\">\n\t\t\t\t\t<div class=\"elementor-column elementor-col-100 elementor-top-column elementor-element elementor-element-1567fc6\" data-id=\"1567fc6\" data-element_type=\"column\">\n\t\t\t<div class=\"elementor-widget-wrap elementor-element-populated\">\n\t\t\t\t\t\t\t\t<div class=\"elementor-element elementor-element-238c6c7 elementor-widget elementor-widget-heading\" data-id=\"238c6c7\" data-element_type=\"widget\" data-widget_type=\"heading.default\">\n\t\t\t\t<div class=\"elementor-widget-container\">\n\t\t\t<h2 class=\"elementor-heading-title elementor-size-xl\">Visuels de la page d'accueil, d'une page cat\u00e9gorie et produit.<\/h2>\t\t<\/div>\n\t\t\t\t<\/div>\n\t\t\t\t<div class=\"elementor-element elementor-element-95f16dc elementor-widget elementor-widget-image\" data-id=\"95f16dc\" data-element_type=\"widget\" data-widget_type=\"image.default\">\n\t\t\t\t<div class=\"elementor-widget-container\">\n\t\t\t\t\t\t\t\t\t\t\t\t\t\t\t<img decoding=\"async\" loading=\"lazy\" width=\"2560\" height=\"1877\" src=\"https:\/\/julieherbreteau.com\/wp-content\/uploads\/2021\/11\/visuel-nc-scaled.jpg\" class=\"attachment-full size-full\" alt=\"visuel pages internet\" srcset=\"https:\/\/julieherbreteau.com\/wp-content\/uploads\/2021\/11\/visuel-nc-scaled.jpg 2560w, https:\/\/julieherbreteau.com\/wp-content\/uploads\/2021\/11\/visuel-nc-300x220.jpg 300w, https:\/\/julieherbreteau.com\/wp-content\/uploads\/2021\/11\/visuel-nc-1024x751.jpg 1024w, https:\/\/julieherbreteau.com\/wp-content\/uploads\/2021\/11\/visuel-nc-768x563.jpg 768w, https:\/\/julieherbreteau.com\/wp-content\/uploads\/2021\/11\/visuel-nc-1536x1126.jpg 1536w, https:\/\/julieherbreteau.com\/wp-content\/uploads\/2021\/11\/visuel-nc-2048x1502.jpg 2048w, https:\/\/julieherbreteau.com\/wp-content\/uploads\/2021\/11\/visuel-nc-1200x880.jpg 1200w, https:\/\/julieherbreteau.com\/wp-content\/uploads\/2021\/11\/visuel-nc-1980x1452.jpg 1980w\" sizes=\"(max-width: 2560px) 100vw, 2560px\" \/>\t\t\t\t\t\t\t\t\t\t\t\t\t\t\t<\/div>\n\t\t\t\t<\/div>\n\t\t\t\t\t<\/div>\n\t\t<\/div>\n\t\t\t\t\t\t\t<\/div>\n\t\t<\/section>\n\t\t\t\t<section class=\"elementor-section elementor-top-section elementor-element elementor-element-da9a584 elementor-section-boxed elementor-section-height-default elementor-section-height-default\" data-id=\"da9a584\" data-element_type=\"section\">\n\t\t\t\t\t\t<div class=\"elementor-container elementor-column-gap-default\">\n\t\t\t\t\t<div class=\"elementor-column elementor-col-100 elementor-top-column elementor-element elementor-element-e3bc80c\" data-id=\"e3bc80c\" data-element_type=\"column\">\n\t\t\t<div class=\"elementor-widget-wrap elementor-element-populated\">\n\t\t\t\t\t\t\t\t<div class=\"elementor-element elementor-element-5dcb7be elementor-widget elementor-widget-heading\" data-id=\"5dcb7be\" data-element_type=\"widget\" data-widget_type=\"heading.default\">\n\t\t\t\t<div class=\"elementor-widget-container\">\n\t\t\t<h2 class=\"elementor-heading-title elementor-size-xl\">Versions responsives<\/h2>\t\t<\/div>\n\t\t\t\t<\/div>\n\t\t\t\t<div class=\"elementor-element elementor-element-35ddd7c elementor-widget elementor-widget-image\" data-id=\"35ddd7c\" data-element_type=\"widget\" data-widget_type=\"image.default\">\n\t\t\t\t<div class=\"elementor-widget-container\">\n\t\t\t\t\t\t\t\t\t\t\t\t\t\t\t<img decoding=\"async\" loading=\"lazy\" width=\"1900\" height=\"889\" src=\"https:\/\/julieherbreteau.com\/wp-content\/uploads\/2021\/11\/responsive-naturalcosy.jpg\" class=\"attachment-full size-full\" alt=\"\" srcset=\"https:\/\/julieherbreteau.com\/wp-content\/uploads\/2021\/11\/responsive-naturalcosy.jpg 1900w, https:\/\/julieherbreteau.com\/wp-content\/uploads\/2021\/11\/responsive-naturalcosy-300x140.jpg 300w, https:\/\/julieherbreteau.com\/wp-content\/uploads\/2021\/11\/responsive-naturalcosy-1024x479.jpg 1024w, https:\/\/julieherbreteau.com\/wp-content\/uploads\/2021\/11\/responsive-naturalcosy-768x359.jpg 768w, https:\/\/julieherbreteau.com\/wp-content\/uploads\/2021\/11\/responsive-naturalcosy-1536x719.jpg 1536w, https:\/\/julieherbreteau.com\/wp-content\/uploads\/2021\/11\/responsive-naturalcosy-1200x561.jpg 1200w\" sizes=\"(max-width: 1900px) 100vw, 1900px\" \/>\t\t\t\t\t\t\t\t\t\t\t\t\t\t\t<\/div>\n\t\t\t\t<\/div>\n\t\t\t\t\t<\/div>\n\t\t<\/div>\n\t\t\t\t\t\t\t<\/div>\n\t\t<\/section>\n\t\t\t\t<section class=\"elementor-section elementor-top-section elementor-element elementor-element-7a803e0 elementor-section-boxed elementor-section-height-default elementor-section-height-default\" data-id=\"7a803e0\" data-element_type=\"section\">\n\t\t\t\t\t\t<div class=\"elementor-container elementor-column-gap-default\">\n\t\t\t\t\t<div class=\"elementor-column elementor-col-100 elementor-top-column elementor-element elementor-element-1a4d848\" data-id=\"1a4d848\" data-element_type=\"column\">\n\t\t\t<div class=\"elementor-widget-wrap elementor-element-populated\">\n\t\t\t\t\t\t\t\t<div class=\"elementor-element elementor-element-08410cd elementor-widget elementor-widget-heading\" data-id=\"08410cd\" data-element_type=\"widget\" data-widget_type=\"heading.default\">\n\t\t\t\t<div class=\"elementor-widget-container\">\n\t\t\t<h2 class=\"elementor-heading-title elementor-size-xl\">Page Instagram<\/h2>\t\t<\/div>\n\t\t\t\t<\/div>\n\t\t\t\t<div class=\"elementor-element elementor-element-5b23de9 elementor-widget elementor-widget-image\" data-id=\"5b23de9\" data-element_type=\"widget\" data-widget_type=\"image.default\">\n\t\t\t\t<div class=\"elementor-widget-container\">\n\t\t\t\t\t\t\t\t\t\t\t\t\t\t\t<img decoding=\"async\" loading=\"lazy\" width=\"1081\" height=\"721\" src=\"https:\/\/julieherbreteau.com\/wp-content\/uploads\/2021\/11\/visuelinstanaturalcosy.jpg\" class=\"attachment-full size-full\" alt=\"\" srcset=\"https:\/\/julieherbreteau.com\/wp-content\/uploads\/2021\/11\/visuelinstanaturalcosy.jpg 1081w, https:\/\/julieherbreteau.com\/wp-content\/uploads\/2021\/11\/visuelinstanaturalcosy-300x200.jpg 300w, https:\/\/julieherbreteau.com\/wp-content\/uploads\/2021\/11\/visuelinstanaturalcosy-1024x683.jpg 1024w, https:\/\/julieherbreteau.com\/wp-content\/uploads\/2021\/11\/visuelinstanaturalcosy-768x512.jpg 768w\" sizes=\"(max-width: 1081px) 100vw, 1081px\" \/>\t\t\t\t\t\t\t\t\t\t\t\t\t\t\t<\/div>\n\t\t\t\t<\/div>\n\t\t\t\t\t<\/div>\n\t\t<\/div>\n\t\t\t\t\t\t\t<\/div>\n\t\t<\/section>\n\t\t\t\t\t\t<\/div>\n\t\t\t\t\t<\/div>\n\t\t","protected":false},"excerpt":{"rendered":"<p>Site Prestashop Natural Cosy Cr\u00e9ation d&rsquo;une boutique de meubles fictive \u00e9co-responsable via Prestashop J\u2019ai imagin\u00e9 pour ma boutique, un esprit cocooning avec une gamme \u00e9coresponsable. Ce choix fut guid\u00e9 par les tendances actuelles en mati\u00e8re d\u2019ameublement des m\u00e9nages. J\u2019ai d\u00e9cid\u00e9 de nommer ma boutique \u00ab Natural cosy \u00bb. Cr\u00e9ation de l\u2019identit\u00e9 visuelle La cr\u00e9ation d\u2019un [&hellip;]<\/p>\n","protected":false},"author":1,"featured_media":0,"parent":0,"menu_order":0,"comment_status":"closed","ping_status":"closed","template":"","meta":{"footnotes":""},"_links":{"self":[{"href":"https:\/\/julieherbreteau.com\/index.php\/wp-json\/wp\/v2\/pages\/102"}],"collection":[{"href":"https:\/\/julieherbreteau.com\/index.php\/wp-json\/wp\/v2\/pages"}],"about":[{"href":"https:\/\/julieherbreteau.com\/index.php\/wp-json\/wp\/v2\/types\/page"}],"author":[{"embeddable":true,"href":"https:\/\/julieherbreteau.com\/index.php\/wp-json\/wp\/v2\/users\/1"}],"replies":[{"embeddable":true,"href":"https:\/\/julieherbreteau.com\/index.php\/wp-json\/wp\/v2\/comments?post=102"}],"version-history":[{"count":40,"href":"https:\/\/julieherbreteau.com\/index.php\/wp-json\/wp\/v2\/pages\/102\/revisions"}],"predecessor-version":[{"id":866,"href":"https:\/\/julieherbreteau.com\/index.php\/wp-json\/wp\/v2\/pages\/102\/revisions\/866"}],"wp:attachment":[{"href":"https:\/\/julieherbreteau.com\/index.php\/wp-json\/wp\/v2\/media?parent=102"}],"curies":[{"name":"wp","href":"https:\/\/api.w.org\/{rel}","templated":true}]}}